{"id":7706,"date":"2014-05-12T16:08:39","date_gmt":"2014-05-12T13:08:39","guid":{"rendered":"http:\/\/&nbsp;\u00a0%20\u00a0%20\u00a0%20\u00a0%20\u00a0%20\u00a0%20\u00a0%20\u00a0%20\u00a0%20\u00a0%20\u00a0%20\u00a0%20\u00a0%20\u00a0%20\u00a0%20\u00a0%20\u00a0%20\u00a0%20\u00a0%20\u00a0%20\u00a0%20\u00a0\u0412\u043d\u0443\u0442\u0440\u0435\u043d\u043d\u0438\u0439%20\u0440\u0430\u0441\u043f\u043e\u0440\u044f\u0434\u043e\u043a&nbsp;"},"modified":"2025-11-09T06:01:29","modified_gmt":"2025-11-09T04:01:29","slug":"%d0%b2%d0%bd%d1%83%d1%82%d1%80%d0%b5%d0%bd%d0%bd%d0%b8%d0%b9-%d1%80%d0%b0%d1%81%d0%bf%d0%be%d1%80%d1%8f%d0%b4%d0%be%d0%ba","status":"publish","type":"page","link":"https:\/\/fcararat.ee\/ru\/%d1%84%d1%83%d1%82%d0%b1%d0%be%d0%bb%d1%8c%d0%bd%d0%b0%d1%8f-%d1%88%d0%ba%d0%be%d0%bb%d0%b0\/%d0%b2%d0%bd%d1%83%d1%82%d1%80%d0%b5%d0%bd%d0%bd%d0%b8%d0%b9-%d1%80%d0%b0%d1%81%d0%bf%d0%be%d1%80%d1%8f%d0%b4%d0%be%d0%ba\/","title":{"rendered":"\u0412\u043d\u0443\u0442\u0440\u0435\u043d\u043d\u0438\u0439 \u0440\u0430\u0441\u043f\u043e\u0440\u044f\u0434\u043e\u043a"},"content":{"rendered":"<p>Kodukord on koostatud eesm\u00e4rgiga, et osapooled l\u00e4htuksid j\u00e4rgnevatest punktidest ning t\u00e4idaksid oma kohustusi vastavalt sellele.<\/p>\n<p><strong>1.<\/strong>\u00a0<strong>Klubiga liitumine ja klubist lahkumine<\/strong><\/p>\n<p><strong>\u00a0 1.1<\/strong>\u00a0Peale 2-e n\u00e4dalast prooviaega peab iga lapsevanem kelle laps soovib liituda FC Ararat\u00b4i Jalgpallikooliga, registreerima ennast.<\/p>\n<p><strong>\u00a0 1.2<\/strong>\u00a0Lapsevanem kohustub tasuma igakuist \u00f5ppemaksu iga kuu 10-ks kuup\u00e4evaks ettemaksuna, registreerimisel saadud viitenumbriga.<\/p>\n<p><strong>\u00a0 1.3<\/strong>\u00a0Klubi \u00f5ppemaks on p\u00fcsimaks, mida tuleb tasuda aastaringselt ning ka juhul, kui treeningutest on puudutud (v.a koosk\u00f5lastatult klubi loa alusel).<\/p>\n<p><strong>\u00a0 1.4<\/strong>\u00a0Klubil on \u00f5igus noorm\u00e4ngija treeningule v\u00f5i m\u00e4ngule mitte lubada, kui on tasumata 3 kuu \u00f5ppemaks.<\/p>\n<p><strong>\u00a0 1.5<\/strong>\u00a0Liitumisel klubiga n\u00f5ustub lapsevanem sellega, et Tallinna Spordiameti poolt m\u00e4\u00e4ratud sporditegevuse toetus laekuvad FC Ararat\u00b4i Jalgpallikoolile.<\/p>\n<p><strong>\u00a0 1.6<\/strong> Kui sporditegevuse toetuse saajaks on m\u00e4\u00e4ratud m\u00f5ni teine spordiklubi, suureneb igakuine \u00f5ppemaks (vt t\u00e4psemalt \u201e<a href=\"https:\/\/fcararat.ee\/noored\/oppemaksu-info\/\">\u00d5ppemaksu reegleid<\/a>\u201c).<\/p>\n<p><strong>\u00a0 1.7 <\/strong>Klubi liikmel on keelatud pidada l\u00e4bir\u00e4\u00e4kimisi v\u00f5i osaleda treeningutel teise jalgpalliklubi juures ilma FC Ararat\u2019i teadmiseta.<br \/>\n<strong>\u00a0 1.8<\/strong>\u00a0Klubist lahkumise korral tuleb 1 kuulise etteteatamisega teavitada klubi t\u00e4ites veebilehel elektroonilise ankeedi \u201c<a href=\"https:\/\/fcararat.ee\/oppelepingu-lopetamise-avaldus\/\">\u00d5ppelepingu l\u00f5petamise avaldus<\/a>\u201d.<\/p>\n<p><strong>\u00a0 1.9<\/strong>\u00a0M\u00e4ngija liikumine \u00fchest klubist teise on v\u00f5imalik ainult vastava kokkuleppe saavutamisel teise klubiga. Kokkuleppe mitte saavutamisel toimub m\u00e4ngija \u00fcleminek vastavalt Eesti Jalgpalli Liidu (EJL) noorm\u00e4ngijate \u00fcleminekuid reguleerivale korrale.<\/p>\n<p><strong>2.<\/strong>\u00a0<strong>Noorm\u00e4ngija kohustused<\/strong><\/p>\n<p><strong>\u00a0 2.1<\/strong>\u00a0Treeningutel ei ole lubatud ropendada ega eirata treeneri juhiseid. Vastaval juhul on treeneril \u00f5igus last noomida v\u00f5i paluda trennist lahkuda.<\/p>\n<p><strong>\u00a0 2.2<\/strong>\u00a0Treeningutel ja m\u00e4ngudel kohustub noorm\u00e4ngija hoidma oma klubi mainet ning k\u00e4ituda korrektselt nii oma klubikaaslaste kui ka vastasm\u00e4ngijatega. Vastasel juhul (nt konfliktid, teiste solvamine) on treeneril \u00f5igus antud m\u00e4ngija j\u00e4rgmisel korral koosseisust v\u00e4lja arvata.<\/p>\n<p><strong>\u00a0 2.3<\/strong>\u00a0Treeningute ja v\u00f5istluste ajal tuleb v\u00e4ljakutel hoida puhtust ja korda ning j\u00e4rgida sisekorraeeskirju.<\/p>\n<p><strong>\u00a0 2.4<\/strong>\u00a0Juhul, kui m\u00e4ngija ei saa mingil p\u00f5hjusel m\u00e4ngudel osaleda, on lapsevanem kohustatud sellest varakult treenerile teatama, et treener saaks teha vastavad muudatused.<\/p>\n<p><strong>\u00a0 2.5<\/strong> Noorm\u00e4ngija kohustub osalema alates 8-ndast eluaastast pallipoisina Meeste- ja Naiste liiga ning Eliitliiga m\u00e4ngudes.<\/p>\n<p><strong>3.<\/strong>\u00a0<strong>Treeningud ja v\u00f5istlused<\/strong><\/p>\n<p><strong>\u00a0 3.1<\/strong> Treeningud toimuvad vastavalt vanusele ja r\u00fchma tasemele 1 kuni 6 korda n\u00e4dalas.<\/p>\n<p><strong>\u00a0 3.2<\/strong> Treeninguid ei toimu riigip\u00fchadel, kui eelnevalt pole kokku lepitud teisiti. Suvevaheajad koosk\u00f5lastatakse eelnevalt (vastavalt vanusegrupile).<\/p>\n<p><strong>\u00a03.3<\/strong> Jalgpallikooli \u00fcldine puhkus toimub kaks korda aastas:<\/p>\n<ul>\n<li>Suvepuhkus: kestus 2\u20135 n\u00e4dalat, ajavahemikus juuni viimastest n\u00e4dalatest kuni augusti esimesse n\u00e4dalasse.<\/li>\n<li>Talvepuhkus: kestus 2-3 n\u00e4dalat, ajavahemikus detsembri viimasest n\u00e4dalast kuni jaanuari teise n\u00e4dalani.<\/li>\n<\/ul>\n<p>T\u00e4psed kuup\u00e4evad m\u00e4\u00e4rab treener, l\u00e4htudes \u00f5ppe-, treening- ja v\u00f5istlusplaanidest.<\/p>\n<p><strong>\u00a0 3.4<\/strong> Treeninguid viivad l\u00e4bi Jalgpalliliidu v\u00f5i UEFA koolitusega treenerid.<\/p>\n<p><strong>\u00a0 3.5<\/strong>\u00a0K\u00f5igil vanusegruppidel (v.a algajatel) on v\u00f5imalus osa v\u00f5tta v\u00f5istlustest ja turniiridest vastavalt nende v\u00f5imetele.<\/p>\n<p><strong>\u00a0 3.6<\/strong>\u00a0K\u00f5ik noorm\u00e4ngijad, kes on FC Ararat\u00b4i jalgpallikooli all registreeritud Eesti noorte meistriv\u00f5istlustele, on kohustatud osalema hooaja jooksul meistriv\u00f5istluste m\u00e4ngudes.<\/p>\n<p><strong>\u00a0 3.7<\/strong>\u00a0V\u00f5istlustel osalemisel tuleb noorm\u00e4ngijal kanda FC Ararat\u00b4i esindusvormi, mis on ostetav FC Ararat jalgpalliklubi kaudu.<\/p>\n<p><strong>4.<\/strong>\u00a0<strong>Lapsevanema kohustused<\/strong><\/p>\n<p><strong>\u00a0 4.1<\/strong>\u00a0Lapsevanem peab hoolt kandma selle eest, et lapsel oleks kasutada treeningule ja ilmale<br \/>\nvastavat riietust. Saalitreeningutes tuleb kasutada puhtaid jalan\u00f5usid.<\/p>\n<p><strong>\u00a0 4.2<\/strong>\u00a0Probleemide ja arusaamatuste korral palume lapsevanemal teavitada treenerit, nooret\u00f6\u00f6<br \/>\njuhti v\u00f5i klubi juhtkonda, et saaksime kiiremini \u00fcheskoos lahenduse leida.<\/p>\n<p><strong>\u00a0 4.3<\/strong>\u00a0Lapsevanem ei sekku treeneri t\u00f6\u00f6sse treeningutel ega v\u00f5istlustel ning loobub nii enda kui<br \/>\nteiste laste juhendamisest v\u00f5i kritiseerimisest. Lubatud on ergutada ja kiita.<\/p>\n<p><strong>\u00a0 4.4<\/strong> Parema info ja \u00fclevaate saamiseks soovitame lugeda klubi saadetud e-kirju ning regulaarselt k\u00fclastada vanemate Telegrami gruppe ja meie kodulehte. Nende kanalite kaudu saab kogu teavet trennide toimumise graafiku, asukohtade, vaheaegade, uudiste, teadete, kontaktandmete ja jalgpallikooli tegemiste kohta.<\/p>\n<p><strong>5. Kommunikatsioonikanalid<\/strong><\/p>\n<p><strong>\u00a05.1<\/strong> P\u00f5hiteave<\/p>\n<p>Kogu p\u00f5hiteave vanematele avaldatakse:<\/p>\n<ul>\n<li>klubi ametlikul veebilehel,<\/li>\n<li>klubi sotsiaalmeedia kanalites,<\/li>\n<li>e-kirja teel,<\/li>\n<li>vanemate Telegrami gruppides.<\/li>\n<\/ul>\n<p><strong>\u00a05.2<\/strong> Esmane kontakt klubiga<\/p>\n<p>Esmane kontaktisik on treener. Suhtlus treeneriga k\u00f5igepealt toimub isiklikult treeningutel.<\/p>\n<p><strong>\u00a05.3<\/strong> Operatiivne teave<\/p>\n<p>Peamine kanal operatiivseks infovahetuseks on vanemate Telegrami grupid. Kiirete k\u00fcsimuste korral soovitatakse kasutada telefonik\u00f5net.<\/p>\n<p><strong>5.4<\/strong> Avalduste ja dokumentide esitamine<\/p>\n<p>Vanemate avaldused esitatakse klubi veebilehel olevate vormide kaudu (vt t\u00e4psemalt &#171;Taotlusvormid&#187;). Kui vastavat vormi avalduse esitamiseks ei ole, v\u00f5ib avalduse saata vabas vormis e-posti aadressile: noored@fcararat.ee<\/p>\n<p><strong data-start=\"792\" data-end=\"816\">\u00a05.5 <\/strong>Juhtkonna p\u00f6\u00f6rdumine<\/p>\n<p>Kui tekib vajadus v\u00f5i on vajalik juhtkonna abi, on parim viis kontakteeruda klubi presidendiga telefoni teel v\u00f5i isikliku e-posti kaudu (vt kontaktandmeid \u201e<a href=\"https:\/\/fcararat.ee\/klubi-kontaktid\/\">Kontaktid<\/a>\u201c).<\/p>\n<p><strong>5.<\/strong>\u00a0<strong>Klubi kohustused<\/strong><\/p>\n<p><strong>\u00a0 5.1<\/strong>\u00a0Treeningud toimuvad sobilikel v\u00e4ljakutel ja\/v\u00f5i ruumides.<\/p>\n<p><strong>\u00a0 5.2<\/strong>\u00a0Treeningud toimuvad kvalifitseeritud treenerite juhendamisel, arvestades laste vanuseid<br \/>\nja taset. Samuti tagatakse treeningutel laste turvalisus.<\/p>\n","protected":false},"excerpt":{"rendered":"<p>Kodukord on koostatud eesm\u00e4rgiga, et osapooled l\u00e4htuksid j\u00e4rgnevatest punktidest ning t\u00e4idaksid oma kohustusi vastavalt sellele. 1.\u00a0Klubiga liitumine ja klubist lahkumine \u00a0 1.1\u00a0Peale 2-e n\u00e4dalast prooviaega peab iga lapsevanem kelle laps soovib liituda FC Ararat\u00b4i Jalgpallikooliga, registreerima ennast. \u00a0 1.2\u00a0Lapsevanem kohustub tasuma igakuist \u00f5ppemaksu iga kuu 10-ks kuup\u00e4evaks ettemaksuna, registreerimisel saadud viitenumbriga. \u00a0 1.3\u00a0Klubi \u00f5ppemaks on [&hellip;]<\/p>\n","protected":false},"author":1,"featured_media":0,"parent":1756,"menu_order":0,"comment_status":"closed","ping_status":"closed","template":"page-onecolumn.php","meta":{"_acf_changed":false,"footnotes":""},"class_list":["post-7706","page","type-page","status-publish","hentry"],"acf":[],"yoast_head":"<!-- This site is optimized with the Yoast SEO plugin v26.1.1 - https:\/\/yoast.com\/wordpress\/plugins\/seo\/ -->\n<title>\u0412\u043d\u0443\u0442\u0440\u0435\u043d\u043d\u0438\u0439 \u0440\u0430\u0441\u043f\u043e\u0440\u044f\u0434\u043e\u043a - FC Ararat<\/title>\n<meta name=\"robots\" content=\"index, follow, max-snippet:-1, max-image-preview:large, max-video-preview:-1\" \/>\n<link rel=\"canonical\" href=\"https:\/\/fcararat.ee\/ru\/%d1%84%d1%83%d1%82%d0%b1%d0%be%d0%bb%d1%8c%d0%bd%d0%b0%d1%8f-%d1%88%d0%ba%d0%be%d0%bb%d0%b0\/%d0%b2%d0%bd%d1%83%d1%82%d1%80%d0%b5%d0%bd%d0%bd%d0%b8%d0%b9-%d1%80%d0%b0%d1%81%d0%bf%d0%be%d1%80%d1%8f%d0%b4%d0%be%d0%ba\/\" \/>\n<meta property=\"og:locale\" content=\"ru_RU\" \/>\n<meta property=\"og:type\" content=\"article\" \/>\n<meta property=\"og:title\" content=\"\u0412\u043d\u0443\u0442\u0440\u0435\u043d\u043d\u0438\u0439 \u0440\u0430\u0441\u043f\u043e\u0440\u044f\u0434\u043e\u043a - FC Ararat\" \/>\n<meta property=\"og:description\" content=\"Kodukord on koostatud eesm\u00e4rgiga, et osapooled l\u00e4htuksid j\u00e4rgnevatest punktidest ning t\u00e4idaksid oma kohustusi vastavalt sellele. 1.\u00a0Klubiga liitumine ja klubist lahkumine \u00a0 1.1\u00a0Peale 2-e n\u00e4dalast prooviaega peab iga lapsevanem kelle laps soovib liituda FC Ararat\u00b4i Jalgpallikooliga, registreerima ennast. \u00a0 1.2\u00a0Lapsevanem kohustub tasuma igakuist \u00f5ppemaksu iga kuu 10-ks kuup\u00e4evaks ettemaksuna, registreerimisel saadud viitenumbriga. \u00a0 1.3\u00a0Klubi \u00f5ppemaks on [&hellip;]\" \/>\n<meta property=\"og:url\" content=\"https:\/\/fcararat.ee\/ru\/%d1%84%d1%83%d1%82%d0%b1%d0%be%d0%bb%d1%8c%d0%bd%d0%b0%d1%8f-%d1%88%d0%ba%d0%be%d0%bb%d0%b0\/%d0%b2%d0%bd%d1%83%d1%82%d1%80%d0%b5%d0%bd%d0%bd%d0%b8%d0%b9-%d1%80%d0%b0%d1%81%d0%bf%d0%be%d1%80%d1%8f%d0%b4%d0%be%d0%ba\/\" \/>\n<meta property=\"og:site_name\" content=\"FC Ararat\" \/>\n<meta property=\"article:modified_time\" content=\"2025-11-09T04:01:29+00:00\" \/>\n<meta name=\"twitter:card\" content=\"summary_large_image\" \/>\n<meta name=\"twitter:label1\" content=\"\u041f\u0440\u0438\u043c\u0435\u0440\u043d\u043e\u0435 \u0432\u0440\u0435\u043c\u044f \u0434\u043b\u044f \u0447\u0442\u0435\u043d\u0438\u044f\" \/>\n\t<meta name=\"twitter:data1\" content=\"3 \u043c\u0438\u043d\u0443\u0442\u044b\" \/>\n<!-- \/ Yoast SEO plugin. -->","yoast_head_json":{"title":"\u0412\u043d\u0443\u0442\u0440\u0435\u043d\u043d\u0438\u0439 \u0440\u0430\u0441\u043f\u043e\u0440\u044f\u0434\u043e\u043a - FC Ararat","robots":{"index":"index","follow":"follow","max-snippet":"max-snippet:-1","max-image-preview":"max-image-preview:large","max-video-preview":"max-video-preview:-1"},"canonical":"https:\/\/fcararat.ee\/ru\/%d1%84%d1%83%d1%82%d0%b1%d0%be%d0%bb%d1%8c%d0%bd%d0%b0%d1%8f-%d1%88%d0%ba%d0%be%d0%bb%d0%b0\/%d0%b2%d0%bd%d1%83%d1%82%d1%80%d0%b5%d0%bd%d0%bd%d0%b8%d0%b9-%d1%80%d0%b0%d1%81%d0%bf%d0%be%d1%80%d1%8f%d0%b4%d0%be%d0%ba\/","og_locale":"ru_RU","og_type":"article","og_title":"\u0412\u043d\u0443\u0442\u0440\u0435\u043d\u043d\u0438\u0439 \u0440\u0430\u0441\u043f\u043e\u0440\u044f\u0434\u043e\u043a - FC Ararat","og_description":"Kodukord on koostatud eesm\u00e4rgiga, et osapooled l\u00e4htuksid j\u00e4rgnevatest punktidest ning t\u00e4idaksid oma kohustusi vastavalt sellele. 1.\u00a0Klubiga liitumine ja klubist lahkumine \u00a0 1.1\u00a0Peale 2-e n\u00e4dalast prooviaega peab iga lapsevanem kelle laps soovib liituda FC Ararat\u00b4i Jalgpallikooliga, registreerima ennast. \u00a0 1.2\u00a0Lapsevanem kohustub tasuma igakuist \u00f5ppemaksu iga kuu 10-ks kuup\u00e4evaks ettemaksuna, registreerimisel saadud viitenumbriga. \u00a0 1.3\u00a0Klubi \u00f5ppemaks on [&hellip;]","og_url":"https:\/\/fcararat.ee\/ru\/%d1%84%d1%83%d1%82%d0%b1%d0%be%d0%bb%d1%8c%d0%bd%d0%b0%d1%8f-%d1%88%d0%ba%d0%be%d0%bb%d0%b0\/%d0%b2%d0%bd%d1%83%d1%82%d1%80%d0%b5%d0%bd%d0%bd%d0%b8%d0%b9-%d1%80%d0%b0%d1%81%d0%bf%d0%be%d1%80%d1%8f%d0%b4%d0%be%d0%ba\/","og_site_name":"FC Ararat","article_modified_time":"2025-11-09T04:01:29+00:00","twitter_card":"summary_large_image","twitter_misc":{"\u041f\u0440\u0438\u043c\u0435\u0440\u043d\u043e\u0435 \u0432\u0440\u0435\u043c\u044f \u0434\u043b\u044f \u0447\u0442\u0435\u043d\u0438\u044f":"3 \u043c\u0438\u043d\u0443\u0442\u044b"},"schema":{"@context":"https:\/\/schema.org","@graph":[{"@type":"WebPage","@id":"https:\/\/fcararat.ee\/ru\/%d1%84%d1%83%d1%82%d0%b1%d0%be%d0%bb%d1%8c%d0%bd%d0%b0%d1%8f-%d1%88%d0%ba%d0%be%d0%bb%d0%b0\/%d0%b2%d0%bd%d1%83%d1%82%d1%80%d0%b5%d0%bd%d0%bd%d0%b8%d0%b9-%d1%80%d0%b0%d1%81%d0%bf%d0%be%d1%80%d1%8f%d0%b4%d0%be%d0%ba\/","url":"https:\/\/fcararat.ee\/ru\/%d1%84%d1%83%d1%82%d0%b1%d0%be%d0%bb%d1%8c%d0%bd%d0%b0%d1%8f-%d1%88%d0%ba%d0%be%d0%bb%d0%b0\/%d0%b2%d0%bd%d1%83%d1%82%d1%80%d0%b5%d0%bd%d0%bd%d0%b8%d0%b9-%d1%80%d0%b0%d1%81%d0%bf%d0%be%d1%80%d1%8f%d0%b4%d0%be%d0%ba\/","name":"\u0412\u043d\u0443\u0442\u0440\u0435\u043d\u043d\u0438\u0439 \u0440\u0430\u0441\u043f\u043e\u0440\u044f\u0434\u043e\u043a - FC Ararat","isPartOf":{"@id":"https:\/\/fcararat.ee\/ru\/#website"},"datePublished":"2014-05-12T13:08:39+00:00","dateModified":"2025-11-09T04:01:29+00:00","breadcrumb":{"@id":"https:\/\/fcararat.ee\/ru\/%d1%84%d1%83%d1%82%d0%b1%d0%be%d0%bb%d1%8c%d0%bd%d0%b0%d1%8f-%d1%88%d0%ba%d0%be%d0%bb%d0%b0\/%d0%b2%d0%bd%d1%83%d1%82%d1%80%d0%b5%d0%bd%d0%bd%d0%b8%d0%b9-%d1%80%d0%b0%d1%81%d0%bf%d0%be%d1%80%d1%8f%d0%b4%d0%be%d0%ba\/#breadcrumb"},"inLanguage":"ru-RU","potentialAction":[{"@type":"ReadAction","target":["https:\/\/fcararat.ee\/ru\/%d1%84%d1%83%d1%82%d0%b1%d0%be%d0%bb%d1%8c%d0%bd%d0%b0%d1%8f-%d1%88%d0%ba%d0%be%d0%bb%d0%b0\/%d0%b2%d0%bd%d1%83%d1%82%d1%80%d0%b5%d0%bd%d0%bd%d0%b8%d0%b9-%d1%80%d0%b0%d1%81%d0%bf%d0%be%d1%80%d1%8f%d0%b4%d0%be%d0%ba\/"]}]},{"@type":"BreadcrumbList","@id":"https:\/\/fcararat.ee\/ru\/%d1%84%d1%83%d1%82%d0%b1%d0%be%d0%bb%d1%8c%d0%bd%d0%b0%d1%8f-%d1%88%d0%ba%d0%be%d0%bb%d0%b0\/%d0%b2%d0%bd%d1%83%d1%82%d1%80%d0%b5%d0%bd%d0%bd%d0%b8%d0%b9-%d1%80%d0%b0%d1%81%d0%bf%d0%be%d1%80%d1%8f%d0%b4%d0%be%d0%ba\/#breadcrumb","itemListElement":[{"@type":"ListItem","position":1,"name":"Home","item":"https:\/\/fcararat.ee\/ru\/"},{"@type":"ListItem","position":2,"name":"\u0424\u0443\u0442\u0431\u043e\u043b\u044c\u043d\u0430\u044f \u0448\u043a\u043e\u043b\u0430 \u0424\u041a \u0410\u0440\u0430\u0440\u0430\u0442","item":"https:\/\/fcararat.ee\/ru\/%d1%84%d1%83%d1%82%d0%b1%d0%be%d0%bb%d1%8c%d0%bd%d0%b0%d1%8f-%d1%88%d0%ba%d0%be%d0%bb%d0%b0\/"},{"@type":"ListItem","position":3,"name":"\u0412\u043d\u0443\u0442\u0440\u0435\u043d\u043d\u0438\u0439 \u0440\u0430\u0441\u043f\u043e\u0440\u044f\u0434\u043e\u043a"}]},{"@type":"WebSite","@id":"https:\/\/fcararat.ee\/ru\/#website","url":"https:\/\/fcararat.ee\/ru\/","name":"FC Ararat","description":"Tallinn","potentialAction":[{"@type":"SearchAction","target":{"@type":"EntryPoint","urlTemplate":"https:\/\/fcararat.ee\/ru\/?s={search_term_string}"},"query-input":{"@type":"PropertyValueSpecification","valueRequired":true,"valueName":"search_term_string"}}],"inLanguage":"ru-RU"}]}},"_links":{"self":[{"href":"https:\/\/fcararat.ee\/ru\/wp-json\/wp\/v2\/pages\/7706","targetHints":{"allow":["GET"]}}],"collection":[{"href":"https:\/\/fcararat.ee\/ru\/wp-json\/wp\/v2\/pages"}],"about":[{"href":"https:\/\/fcararat.ee\/ru\/wp-json\/wp\/v2\/types\/page"}],"author":[{"embeddable":true,"href":"https:\/\/fcararat.ee\/ru\/wp-json\/wp\/v2\/users\/1"}],"replies":[{"embeddable":true,"href":"https:\/\/fcararat.ee\/ru\/wp-json\/wp\/v2\/comments?post=7706"}],"version-history":[{"count":22,"href":"https:\/\/fcararat.ee\/ru\/wp-json\/wp\/v2\/pages\/7706\/revisions"}],"predecessor-version":[{"id":519260,"href":"https:\/\/fcararat.ee\/ru\/wp-json\/wp\/v2\/pages\/7706\/revisions\/519260"}],"up":[{"embeddable":true,"href":"https:\/\/fcararat.ee\/ru\/wp-json\/wp\/v2\/pages\/1756"}],"wp:attachment":[{"href":"https:\/\/fcararat.ee\/ru\/wp-json\/wp\/v2\/media?parent=7706"}],"curies":[{"name":"wp","href":"https:\/\/api.w.org\/{rel}","templated":true}]}}